{"id":10132,"date":"2024-06-05T08:15:23","date_gmt":"2024-06-05T08:15:23","guid":{"rendered":"https:\/\/mazzeh.ca\/product\/soupe-a-lorge-de-mazzeh\/"},"modified":"2024-06-05T08:15:23","modified_gmt":"2024-06-05T08:15:23","slug":"soupe-a-lorge-de-mazzeh","status":"publish","type":"product","link":"https:\/\/mazzeh.ca\/fr\/produit\/soupe-a-lorge-de-mazzeh\/","title":{"rendered":"Soupe \u00e0 l&#8217;orge de Mazzeh"},"content":{"rendered":"<p>Une soupe copieuse \u00e0 base d&#8217;orge tendre, cuite lentement avec des carottes, du c\u00e9leri, des oignons et des tomates, assaisonn\u00e9e de curcuma, de sel et de poivre noir.<\/p>\n","protected":false},"excerpt":{"rendered":"<p>Orge perl\u00e9, persil, coriandre, bouillon de poulet, assaisonnement maison<\/p>\n","protected":false},"featured_media":0,"comment_status":"open","ping_status":"closed","template":"","meta":{"om_disable_all_campaigns":false},"product_brand":[],"product_cat":[181],"product_tag":[],"class_list":{"0":"post-10132","1":"product","2":"type-product","3":"status-publish","5":"product_cat-entrees","7":"first","8":"instock","9":"shipping-taxable","10":"product-type-simple","11":"add-to-wishlist-after_add_to_cart"},"aioseo_notices":[],"_links":{"self":[{"href":"https:\/\/mazzeh.ca\/fr\/wp-json\/wp\/v2\/product\/10132","targetHints":{"allow":["GET"]}}],"collection":[{"href":"https:\/\/mazzeh.ca\/fr\/wp-json\/wp\/v2\/product"}],"about":[{"href":"https:\/\/mazzeh.ca\/fr\/wp-json\/wp\/v2\/types\/product"}],"replies":[{"embeddable":true,"href":"https:\/\/mazzeh.ca\/fr\/wp-json\/wp\/v2\/comments?post=10132"}],"wp:attachment":[{"href":"https:\/\/mazzeh.ca\/fr\/wp-json\/wp\/v2\/media?parent=10132"}],"wp:term":[{"taxonomy":"product_brand","embeddable":true,"href":"https:\/\/mazzeh.ca\/fr\/wp-json\/wp\/v2\/product_brand?post=10132"},{"taxonomy":"product_cat","embeddable":true,"href":"https:\/\/mazzeh.ca\/fr\/wp-json\/wp\/v2\/product_cat?post=10132"},{"taxonomy":"product_tag","embeddable":true,"href":"https:\/\/mazzeh.ca\/fr\/wp-json\/wp\/v2\/product_tag?post=10132"}],"curies":[{"name":"wp","href":"https:\/\/api.w.org\/{rel}","templated":true}]}}