{"id":10043,"date":"2024-06-16T14:07:13","date_gmt":"2024-06-16T14:07:13","guid":{"rendered":"https:\/\/mazzeh.ca\/product\/truite-mediterraneenne\/"},"modified":"2024-06-16T14:07:13","modified_gmt":"2024-06-16T14:07:13","slug":"truite-mediterraneenne","status":"publish","type":"product","link":"https:\/\/mazzeh.ca\/fr\/produit\/truite-mediterraneenne\/","title":{"rendered":"Truite m\u00e9diterran\u00e9enne"},"content":{"rendered":"","protected":false},"excerpt":{"rendered":"<p>La traditionnelle truite frite \u00e0 la po\u00eale<\/p>\n","protected":false},"featured_media":9876,"comment_status":"open","ping_status":"closed","template":"","meta":{"om_disable_all_campaigns":false},"product_brand":[],"product_cat":[193],"product_tag":[],"class_list":{"0":"post-10043","1":"product","2":"type-product","3":"status-publish","4":"has-post-thumbnail","6":"product_cat-assiette-traditionnelle","8":"first","9":"instock","10":"shipping-taxable","11":"product-type-simple","12":"add-to-wishlist-after_add_to_cart"},"aioseo_notices":[],"_links":{"self":[{"href":"https:\/\/mazzeh.ca\/fr\/wp-json\/wp\/v2\/product\/10043","targetHints":{"allow":["GET"]}}],"collection":[{"href":"https:\/\/mazzeh.ca\/fr\/wp-json\/wp\/v2\/product"}],"about":[{"href":"https:\/\/mazzeh.ca\/fr\/wp-json\/wp\/v2\/types\/product"}],"replies":[{"embeddable":true,"href":"https:\/\/mazzeh.ca\/fr\/wp-json\/wp\/v2\/comments?post=10043"}],"wp:featuredmedia":[{"embeddable":true,"href":"https:\/\/mazzeh.ca\/fr\/wp-json\/wp\/v2\/media\/9876"}],"wp:attachment":[{"href":"https:\/\/mazzeh.ca\/fr\/wp-json\/wp\/v2\/media?parent=10043"}],"wp:term":[{"taxonomy":"product_brand","embeddable":true,"href":"https:\/\/mazzeh.ca\/fr\/wp-json\/wp\/v2\/product_brand?post=10043"},{"taxonomy":"product_cat","embeddable":true,"href":"https:\/\/mazzeh.ca\/fr\/wp-json\/wp\/v2\/product_cat?post=10043"},{"taxonomy":"product_tag","embeddable":true,"href":"https:\/\/mazzeh.ca\/fr\/wp-json\/wp\/v2\/product_tag?post=10043"}],"curies":[{"name":"wp","href":"https:\/\/api.w.org\/{rel}","templated":true}]}}