{"id":10031,"date":"2024-06-16T14:18:26","date_gmt":"2024-06-16T14:18:26","guid":{"rendered":"https:\/\/mazzeh.ca\/product\/kabob-golpa-sandwich\/"},"modified":"2024-06-16T14:18:26","modified_gmt":"2024-06-16T14:18:26","slug":"kabob-golpa-sandwich","status":"publish","type":"product","link":"https:\/\/mazzeh.ca\/fr\/produit\/kabob-golpa-sandwich\/","title":{"rendered":"Kabob Golpa Sandwich"},"content":{"rendered":"","protected":false},"excerpt":{"rendered":"<p>agneau hach\u00e9 grill\u00e9 avec sauce sp\u00e9ciale mazzeh<\/p>\n","protected":false},"featured_media":10601,"comment_status":"open","ping_status":"closed","template":"","meta":{"om_disable_all_campaigns":false},"product_brand":[],"product_cat":[189],"product_tag":[],"class_list":{"0":"post-10031","1":"product","2":"type-product","3":"status-publish","4":"has-post-thumbnail","6":"product_cat-sandwichs","8":"first","9":"instock","10":"shipping-taxable","11":"product-type-simple","12":"add-to-wishlist-after_add_to_cart"},"aioseo_notices":[],"_links":{"self":[{"href":"https:\/\/mazzeh.ca\/fr\/wp-json\/wp\/v2\/product\/10031","targetHints":{"allow":["GET"]}}],"collection":[{"href":"https:\/\/mazzeh.ca\/fr\/wp-json\/wp\/v2\/product"}],"about":[{"href":"https:\/\/mazzeh.ca\/fr\/wp-json\/wp\/v2\/types\/product"}],"replies":[{"embeddable":true,"href":"https:\/\/mazzeh.ca\/fr\/wp-json\/wp\/v2\/comments?post=10031"}],"wp:featuredmedia":[{"embeddable":true,"href":"https:\/\/mazzeh.ca\/fr\/wp-json\/wp\/v2\/media\/10601"}],"wp:attachment":[{"href":"https:\/\/mazzeh.ca\/fr\/wp-json\/wp\/v2\/media?parent=10031"}],"wp:term":[{"taxonomy":"product_brand","embeddable":true,"href":"https:\/\/mazzeh.ca\/fr\/wp-json\/wp\/v2\/product_brand?post=10031"},{"taxonomy":"product_cat","embeddable":true,"href":"https:\/\/mazzeh.ca\/fr\/wp-json\/wp\/v2\/product_cat?post=10031"},{"taxonomy":"product_tag","embeddable":true,"href":"https:\/\/mazzeh.ca\/fr\/wp-json\/wp\/v2\/product_tag?post=10031"}],"curies":[{"name":"wp","href":"https:\/\/api.w.org\/{rel}","templated":true}]}}